{"id":194,"date":"2023-02-02T17:45:40","date_gmt":"2023-02-02T17:45:40","guid":{"rendered":"https:\/\/iespbernabecobocusco.edu.pe\/iespbcc\/?page_id=194"},"modified":"2024-12-11T17:41:26","modified_gmt":"2024-12-11T17:41:26","slug":"nuestra-historia","status":"publish","type":"page","link":"https:\/\/iespbernabecobocusco.edu.pe\/iespbcc\/iinstitucional\/nuestra-historia\/","title":{"rendered":"Nuestra Historia"},"content":{"rendered":"<style>.kadence-column194_1d85d1-4a > .kt-inside-inner-col{border-top:20px solid transparent;border-right:20px solid transparent;border-bottom:20px solid transparent;border-left:20px solid transparent;}.kadence-column194_1d85d1-4a > .kt-inside-inner-col,.kadence-column194_1d85d1-4a > .kt-inside-inner-col:before{border-top-left-radius:0px;border-top-right-radius:0px;border-bottom-right-radius:0px;border-bottom-left-radius:0px;}.kadence-column194_1d85d1-4a > .kt-inside-inner-col{column-gap:var(--global-kb-gap-sm, 1rem);}.kadence-column194_1d85d1-4a > .kt-inside-inner-col{flex-direction:column;}.kadence-column194_1d85d1-4a > .kt-inside-inner-col > .aligncenter{width:100%;}.kadence-column194_1d85d1-4a > .kt-inside-inner-col{background-color:#ffffff;}.kadence-column194_1d85d1-4a > .kt-inside-inner-col:before{opacity:0.3;}.kadence-column194_1d85d1-4a{position:relative;}@media all and (max-width: 1024px){.kadence-column194_1d85d1-4a > .kt-inside-inner-col{border-top:20px solid transparent;border-right:20px solid transparent;border-bottom:20px solid transparent;border-left:20px solid transparent;flex-direction:column;justify-content:center;}}@media all and (max-width: 767px){.kadence-column194_1d85d1-4a > .kt-inside-inner-col{border-top:20px solid transparent;border-right:20px solid transparent;border-bottom:20px solid transparent;border-left:20px solid transparent;flex-direction:column;justify-content:center;}}<\/style>\n<div class=\"wp-block-kadence-column kadence-column194_1d85d1-4a inner-column-1\"><div class=\"kt-inside-inner-col\">\n<div class=\"wp-block-group has-white-background-color has-background is-layout-constrained wp-block-group-is-layout-constrained\">\n<p class=\"has-text-align-center has-black-color has-white-background-color has-text-color has-background\" style=\"font-size:30px;font-style:normal;font-weight:800;text-transform:uppercase\">HISTORIA DEL INSTITUTO BERNAB\u00e9 COBO<\/p>\n\n\n\n<p class=\"has-medium-font-size\">El Instituto de Educaci\u00f3n Superior Pedag\u00f3gico Privado \u201cBernab\u00e9 Cobo\u201d nace como una instituci\u00f3n de formaci\u00f3n magisterial en el a\u00f1o de 1995 fruto de la presentaci\u00f3n del proyecto de factibilidad al Ministerio de Educaci\u00f3n, con sede institucional en la ciudad del Cusco.<\/p>\n\n\n\n<p class=\"has-medium-font-size\">El 20 de diciembre de 1994 con D.S. N\u00ba 050-ED-95, el Ministerio de Educaci\u00f3n autoriza el funcionamiento del Instituto Superior Pedag\u00f3gico&nbsp; Privado \u201cBernabe Cobo\u201d con las siguientes carreras profesionales de Educaci\u00f3n Inicial con 120 vacantes y Educaci\u00f3n Primaria con 120 vacantes<\/p>\n\n\n\n<p class=\"has-medium-font-size\">El 25 de mayo, el Ministerio de Educaci\u00f3n aprueba mediante la R.D N\u00ba 232-95-ED la carrera de Educaci\u00f3n Secundaria con la especialidad de Ciencias Naturales, Biolog\u00eda y Ecolog\u00eda con 20 vacantes y el d\u00eda 6 de junio de 1995 con la R.D. N\u00ba 233-95-ED autoriza el funcionamiento de la carrera de Educaci\u00f3n T\u00e9cnica con la especialidad de Industria del Vestido, Industria Alimentaria&nbsp; y Artesan\u00eda con 120 vacantes.<\/p>\n\n\n\n<p class=\"has-medium-font-size\">El 19 de mayo del 2016 el Ministertio de Educaci\u00f3n a trav\u00e9s de la Direcci\u00f3n de Formaci\u00f3n Inicial Docente-DIFOID, con la RD N\u00b0 293-2016- MINEDU\/VMGP\/DIGEDD\/DIFOID revalida el funcionamientpo del Instituto Superior Pedag\u00f3gico Privado&nbsp; \u201cBernabe Cobo\u201d de Cusco con las siguientes carreras:<\/p>\n\n\n\n<ul class=\"wp-block-list\">\n<li>Educaci\u00f3n Inicial<\/li>\n\n\n\n<li>Educaci\u00f3n T\u00e9cnica con la especialidad Industria del Vestido, Industria Alimentarias y Artesan\u00eda.<\/li>\n<\/ul>\n<\/div>\n<\/div><\/div>\n\n\n<style>.kadence-column194_e9d3d2-44 > .kt-inside-inner-col,.kadence-column194_e9d3d2-44 > .kt-inside-inner-col:before{border-top-left-radius:0px;border-top-right-radius:0px;border-bottom-right-radius:0px;border-bottom-left-radius:0px;}.kadence-column194_e9d3d2-44 > .kt-inside-inner-col{column-gap:var(--global-kb-gap-sm, 1rem);}.kadence-column194_e9d3d2-44 > .kt-inside-inner-col{flex-direction:column;}.kadence-column194_e9d3d2-44 > .kt-inside-inner-col > .aligncenter{width:100%;}.kadence-column194_e9d3d2-44 > .kt-inside-inner-col{background-color:#ffffff;}.kadence-column194_e9d3d2-44 > .kt-inside-inner-col:before{opacity:0.3;}.kadence-column194_e9d3d2-44{position:relative;}@media all and (max-width: 1024px){.kadence-column194_e9d3d2-44 > .kt-inside-inner-col{flex-direction:column;justify-content:center;}}@media all and (max-width: 767px){.kadence-column194_e9d3d2-44 > .kt-inside-inner-col{flex-direction:column;justify-content:center;}}<\/style>\n<div class=\"wp-block-kadence-column kadence-column194_e9d3d2-44 inner-column-1\"><div class=\"kt-inside-inner-col\">\n<p class=\"has-text-align-center\" style=\"font-size:30px;font-style:normal;font-weight:800;text-transform:uppercase\">biograf\u00eda del padre bernab\u00e9 cobo<\/p>\n\n\n\n<div class=\"wp-block-columns is-layout-flex wp-container-core-columns-is-layout-28f84493 wp-block-columns-is-layout-flex\">\n<div class=\"wp-block-column is-layout-flow wp-block-column-is-layout-flow\" style=\"letter-spacing:1px\">\n<figure class=\"wp-block-image aligncenter size-full is-resized\"><img loading=\"lazy\" decoding=\"async\" width=\"448\" height=\"525\" src=\"https:\/\/iespbernabecobocusco.edu.pe\/iespbcc\/wp-content\/uploads\/2023\/02\/bcobo.jpg\" alt=\"\" class=\"wp-image-195\" style=\"width:310px;height:362px\" srcset=\"https:\/\/iespbernabecobocusco.edu.pe\/iespbcc\/wp-content\/uploads\/2023\/02\/bcobo.jpg 448w, https:\/\/iespbernabecobocusco.edu.pe\/iespbcc\/wp-content\/uploads\/2023\/02\/bcobo-256x300.jpg 256w\" sizes=\"auto, (max-width: 448px) 100vw, 448px\" \/><figcaption class=\"wp-element-caption\">Bernabe Cobo<\/figcaption><\/figure>\n<\/div>\n\n\n\n<div class=\"wp-block-column is-layout-flow wp-block-column-is-layout-flow\">\n<p class=\"has-medium-font-size\">Bernab\u00e9 Cobo fue un joven andaluz que lleg\u00f3 a las Indias en busca de&nbsp;<strong>El Dorado<\/strong>, pero lo que encontr\u00f3 fue su vocaci\u00f3n religiosa y su inter\u00e9s por la naturaleza y la historia del Nuevo Mundo, seg\u00fan las cr\u00f3nicas&nbsp; lleg\u00f3 al Per\u00fa en el a\u00f1o de 1600 a la Congregaci\u00f3n de Compa\u00f1\u00eda de Jes\u00fas y en su obra de Lenguas Ind\u00edginas de Am\u00e9rica hace la recopilaci\u00f3n y la intepretaic\u00f3n de la historia de los pueblos ind\u00edgenas de Amaerica llegando a expresarse en las lenguas quichua y aymara.<\/p>\n<\/div>\n<\/div>\n\n\n\n<p class=\"has-medium-font-size\">As\u0131, por el resto de su vida, recorri\u00f3 varias regiones de los Andes y Nueva Espa\u00f1a y junto con su tarea evangelizadora, se dedic\u00f3 al estudio y redacci\u00f3n de una historia como es la Historia del Nuevo Mundo, terminada en 1653 pero no publicada hasta 1890, ofrece una de las mejores historias naturales de Indias que se conservan. Influido sobre todo por las peculiaridades de la naturaleza, describi\u00f3 con gran minuciosidad la fauna y la flora del Nuevo Mundo. Tambi\u00e9n recogi\u00f3 con id\u00e9ntico rigor importantes informaciones antropol\u00f3gicas y etnogr\u00e1ficas sobre las culturas prehisp\u00e1nicas.<\/p>\n\n\n\n<p class=\"has-medium-font-size\">Para ello cont\u00f3 con la gran ayuda de los sabios incas entre ellos, Alonso Topa Atau; Bernab\u00e9 Cobo fue autor de una de las explicaciones m\u00e1s veros\u00edmiles sobre la funci\u00f3n cultural y religiosa de Tiahuanaco, lugar de peregrinaci\u00f3n y culto incaico. Seg\u00fan \u00e9l, la ciudad, dentro de la cosmogon\u00eda andina, habr\u00eda sido construida por los gigantes que dieron el poder a los reyes incas. Su historia se ocupa primero de los minerales luego de las plantas, para entonces pasar a los animales y terminar con los pobladores del Reino del Peru, a quienes dedica los cuatro \u00faltimos libros.<\/p>\n\n\n\n<p class=\"has-medium-font-size\">Por lo expuesto el Padre Bernab\u00e9 Cobo, seg\u00fan sus escrituras, se ha dedicado al tratado cient\u00edfico de las ciencias naturales considerando la flora y la fauna, experiencias y vivencias en el Per\u00fa, ponderando nuestra cultura Inka en su recorrido de la investigaci\u00f3n; Por estas consideraciones y como homenaje p\u00f3stumo se ha seleccionado la denomianci\u00f3n del Instituto Superior Pedag\u00f3gico Privado como Bernab\u00e9 Cobo.<\/p>\n\n\n\n<p class=\"has-medium-font-size\">En el Instituto de Educaci\u00f3n Superior Pedag\u00f3gico Privado \u201cBernabe Cobo\u201d de Cusco se ha tomado textualmente lo manifestado por el Padre Bernab\u00e9 Cobo referi\u00e9ndose al Inka Pachacuteq&nbsp;<strong>\u201cEl Rey m\u00e1s valiente y gerrero, sabio y republicano de todos los Inkas\u201d<\/strong>, esta cita es la filosof\u00eda del Instituto en la formaci\u00f3n inicial de los Amautas, rescatando el perfil de valiente y sabio.<\/p>\n<\/div><\/div>\n","protected":false},"excerpt":{"rendered":"<p>HISTORIA DEL INSTITUTO BERNAB\u00e9 COBO El Instituto de Educaci\u00f3n Superior Pedag\u00f3gico Privado \u201cBernab\u00e9 Cobo\u201d nace como una instituci\u00f3n de formaci\u00f3n [&hellip;]<\/p>\n","protected":false},"author":1,"featured_media":0,"parent":190,"menu_order":2,"comment_status":"closed","ping_status":"closed","template":"","meta":{"site-sidebar-layout":"default","site-content-layout":"","ast-site-content-layout":"","site-content-style":"default","site-sidebar-style":"default","ast-global-header-display":"","ast-banner-title-visibility":"","ast-main-header-display":"","ast-hfb-above-header-display":"","ast-hfb-below-header-display":"","ast-hfb-mobile-header-display":"","site-post-title":"disabled","ast-breadcrumbs-content":"","ast-featured-img":"","footer-sml-layout":"","theme-transparent-header-meta":"","adv-header-id-meta":"","stick-header-meta":"","header-above-stick-meta":"","header-main-stick-meta":"","header-below-stick-meta":"","astra-migrate-meta-layouts":"default","ast-page-background-enabled":"default","ast-page-background-meta":{"desktop":{"background-color":"var(--ast-global-color-4)","background-image":"","background-repeat":"repeat","background-position":"center center","background-size":"auto","background-attachment":"scroll","background-type":"","background-media":"","overlay-type":"","overlay-color":"","overlay-opacity":"","overlay-gradient":""},"tablet":{"background-color":"","background-image":"","background-repeat":"repeat","background-position":"center center","background-size":"auto","background-attachment":"scroll","background-type":"","background-media":"","overlay-type":"","overlay-color":"","overlay-opacity":"","overlay-gradient":""},"mobile":{"background-color":"","background-image":"","background-repeat":"repeat","background-position":"center center","background-size":"auto","background-attachment":"scroll","background-type":"","background-media":"","overlay-type":"","overlay-color":"","overlay-opacity":"","overlay-gradient":""}},"ast-content-background-meta":{"desktop":{"background-color":"var(--ast-global-color-5)","background-image":"","background-repeat":"repeat","background-position":"center center","background-size":"auto","background-attachment":"scroll","background-type":"","background-media":"","overlay-type":"","overlay-color":"","overlay-opacity":"","overlay-gradient":""},"tablet":{"background-color":"var(--ast-global-color-5)","background-image":"","background-repeat":"repeat","background-position":"center center","background-size":"auto","background-attachment":"scroll","background-type":"","background-media":"","overlay-type":"","overlay-color":"","overlay-opacity":"","overlay-gradient":""},"mobile":{"background-color":"var(--ast-global-color-5)","background-image":"","background-repeat":"repeat","background-position":"center center","background-size":"auto","background-attachment":"scroll","background-type":"","background-media":"","overlay-type":"","overlay-color":"","overlay-opacity":"","overlay-gradient":""}},"footnotes":""},"class_list":["post-194","page","type-page","status-publish","hentry"],"_links":{"self":[{"href":"https:\/\/iespbernabecobocusco.edu.pe\/iespbcc\/wp-json\/wp\/v2\/pages\/194","targetHints":{"allow":["GET"]}}],"collection":[{"href":"https:\/\/iespbernabecobocusco.edu.pe\/iespbcc\/wp-json\/wp\/v2\/pages"}],"about":[{"href":"https:\/\/iespbernabecobocusco.edu.pe\/iespbcc\/wp-json\/wp\/v2\/types\/page"}],"author":[{"embeddable":true,"href":"https:\/\/iespbernabecobocusco.edu.pe\/iespbcc\/wp-json\/wp\/v2\/users\/1"}],"replies":[{"embeddable":true,"href":"https:\/\/iespbernabecobocusco.edu.pe\/iespbcc\/wp-json\/wp\/v2\/comments?post=194"}],"version-history":[{"count":5,"href":"https:\/\/iespbernabecobocusco.edu.pe\/iespbcc\/wp-json\/wp\/v2\/pages\/194\/revisions"}],"predecessor-version":[{"id":1008,"href":"https:\/\/iespbernabecobocusco.edu.pe\/iespbcc\/wp-json\/wp\/v2\/pages\/194\/revisions\/1008"}],"up":[{"embeddable":true,"href":"https:\/\/iespbernabecobocusco.edu.pe\/iespbcc\/wp-json\/wp\/v2\/pages\/190"}],"wp:attachment":[{"href":"https:\/\/iespbernabecobocusco.edu.pe\/iespbcc\/wp-json\/wp\/v2\/media?parent=194"}],"curies":[{"name":"wp","href":"https:\/\/api.w.org\/{rel}","templated":true}]}}