{"id":214,"date":"2023-02-03T05:04:53","date_gmt":"2023-02-03T05:04:53","guid":{"rendered":"https:\/\/iespbernabecobocusco.edu.pe\/iespbcc\/?page_id=214"},"modified":"2024-12-18T16:14:08","modified_gmt":"2024-12-18T16:14:08","slug":"inicial","status":"publish","type":"page","link":"https:\/\/iespbernabecobocusco.edu.pe\/iespbcc\/programas\/inicial\/","title":{"rendered":"Inicial"},"content":{"rendered":"\n<div class=\"wp-block-group alignfull has-background is-layout-flow wp-block-group-is-layout-flow\" style=\"background-color:#f8f4e4\">\n<div class=\"wp-block-columns alignwide is-layout-flex wp-container-core-columns-is-layout-28f84493 wp-block-columns-is-layout-flex\">\n<div class=\"wp-block-column is-layout-flow wp-block-column-is-layout-flow\">\n<p class=\"has-text-align-center has-text-color\" style=\"color:#000000;font-size:2vw;line-height:1.1\"><strong>Programa de Estudios de Educaci\u00f3n Inicial<\/strong><\/p>\n<\/div>\n<\/div>\n\n\n\n<div class=\"wp-block-columns alignwide is-layout-flex wp-container-core-columns-is-layout-28f84493 wp-block-columns-is-layout-flex\">\n<div class=\"wp-block-column is-layout-flow wp-block-column-is-layout-flow\" style=\"font-size:17px;flex-basis:33.38%\">\n<div class=\"wp-block-group is-nowrap is-layout-flex wp-container-core-group-is-layout-6c531013 wp-block-group-is-layout-flex\">\n<div class=\"wp-block-group is-vertical is-layout-flex wp-container-core-group-is-layout-fe9cc265 wp-block-group-is-layout-flex\">\n<p class=\"has-text-align-left\"><strong>El Programa de Estudios de Educaci\u00f3n Inicial cuenta con un Dise\u00f1o curricular que promueve formar docentes que respondan a los cambios y exigencias de la sociedad cusque\u00f1a y sean capaces de resolver los problemas que enfrenta la educaci\u00f3n inicial, dando respuestas de mejora a la educaci\u00f3n peruana. El curr\u00edculo de educaci\u00f3n inicial de la instituci\u00f3n fortalecer\u00e1 competencias, capacidades y habilidades de nuestros estudiantes.<\/strong><\/p>\n\n\n\n<p class=\"has-text-align-left\"><strong>El curr\u00edculo de estudios est\u00e1 orientado a c\u00f3mo deben ense\u00f1ar y c\u00f3mo administrar los tiempos disponibles para ello. la concepci\u00f3n de la docencia no debe entenderse como solamente la transmisi\u00f3n de contenidos como fin esencial, sino dar una concepci\u00f3n que los futuros docentes construyan sus modelos de ense\u00f1anza deseable y den soporte a la toma de decisiones, para lograr las competencias profesionales en los estudiantes de la FID.<\/strong><\/p>\n<\/div>\n<\/div>\n<\/div>\n\n\n\n<div class=\"wp-block-column is-vertically-aligned-bottom is-layout-flow wp-block-column-is-layout-flow\" style=\"flex-basis:33%\">\n<figure class=\"wp-block-image size-full\"><img loading=\"lazy\" decoding=\"async\" width=\"720\" height=\"960\" src=\"https:\/\/iespbernabecobocusco.edu.pe\/iespbcc\/wp-content\/uploads\/2023\/02\/educinicial1.jpeg\" alt=\"\" class=\"wp-image-216\" srcset=\"https:\/\/iespbernabecobocusco.edu.pe\/iespbcc\/wp-content\/uploads\/2023\/02\/educinicial1.jpeg 720w, https:\/\/iespbernabecobocusco.edu.pe\/iespbcc\/wp-content\/uploads\/2023\/02\/educinicial1-225x300.jpeg 225w\" sizes=\"auto, (max-width: 720px) 100vw, 720px\" \/><\/figure>\n<\/div>\n\n\n\n<div class=\"wp-block-column is-layout-flow wp-block-column-is-layout-flow\" style=\"flex-basis:33.62%\">\n<figure class=\"wp-block-image size-full\"><img loading=\"lazy\" decoding=\"async\" width=\"720\" height=\"960\" src=\"https:\/\/iespbernabecobocusco.edu.pe\/iespbcc\/wp-content\/uploads\/2023\/02\/educinicial2.jpeg\" alt=\"\" class=\"wp-image-215\" srcset=\"https:\/\/iespbernabecobocusco.edu.pe\/iespbcc\/wp-content\/uploads\/2023\/02\/educinicial2.jpeg 720w, https:\/\/iespbernabecobocusco.edu.pe\/iespbcc\/wp-content\/uploads\/2023\/02\/educinicial2-225x300.jpeg 225w\" sizes=\"auto, (max-width: 720px) 100vw, 720px\" \/><\/figure>\n<\/div>\n<\/div>\n\n\n\n<div class=\"wp-block-columns alignwide is-layout-flex wp-container-core-columns-is-layout-28f84493 wp-block-columns-is-layout-flex\">\n<div class=\"wp-block-column is-layout-flow wp-block-column-is-layout-flow\" style=\"flex-basis:67%\">\n<figure class=\"wp-block-image alignright size-full is-resized\"><img loading=\"lazy\" decoding=\"async\" width=\"750\" height=\"562\" src=\"https:\/\/iespbernabecobocusco.edu.pe\/iespbcc\/wp-content\/uploads\/2023\/02\/educinicial3.webp\" alt=\"\" class=\"wp-image-217\" style=\"width:965px;height:auto\" srcset=\"https:\/\/iespbernabecobocusco.edu.pe\/iespbcc\/wp-content\/uploads\/2023\/02\/educinicial3.webp 750w, https:\/\/iespbernabecobocusco.edu.pe\/iespbcc\/wp-content\/uploads\/2023\/02\/educinicial3-300x225.webp 300w, https:\/\/iespbernabecobocusco.edu.pe\/iespbcc\/wp-content\/uploads\/2023\/02\/educinicial3-400x300.webp 400w\" sizes=\"auto, (max-width: 750px) 100vw, 750px\" \/><\/figure>\n<\/div>\n\n\n\n<div class=\"wp-block-column is-vertically-aligned-center is-layout-flow wp-block-column-is-layout-flow\" style=\"flex-basis:33%\"><style>.wp-block-kadence-advancedheading.kt-adv-heading214_f0743e-cd, .wp-block-kadence-advancedheading.kt-adv-heading214_f0743e-cd[data-kb-block=\"kb-adv-heading214_f0743e-cd\"]{text-align:center;font-style:normal;}.wp-block-kadence-advancedheading.kt-adv-heading214_f0743e-cd mark.kt-highlight, .wp-block-kadence-advancedheading.kt-adv-heading214_f0743e-cd[data-kb-block=\"kb-adv-heading214_f0743e-cd\"] mark.kt-highlight{font-style:normal;color:#f76a0c;-webkit-box-decoration-break:clone;box-decoration-break:clone;padding-top:0px;padding-right:0px;padding-bottom:0px;padding-left:0px;}<\/style>\n<h2 class=\"kt-adv-heading214_f0743e-cd wp-block-kadence-advancedheading\" data-kb-block=\"kb-adv-heading214_f0743e-cd\"><strong>DIMENSIONES DEL CURR\u00cdCULO DEL PROGRAMA DE ESTUDIOS DE EDUCACI\u00d3N INICIAL<\/strong><\/h2>\n<\/div>\n<\/div>\n\n\n\n<div class=\"wp-block-columns alignwide is-layout-flex wp-container-core-columns-is-layout-28f84493 wp-block-columns-is-layout-flex\">\n<div class=\"wp-block-column is-layout-flow wp-block-column-is-layout-flow\">\n<ul class=\"wp-block-list has-medium-font-size\">\n<li><strong>La formaci\u00f3n integral de los estudiantes tanto en lo personal, profesional pedag\u00f3gico como en lo socio comunitario.<\/strong><\/li>\n\n\n\n<li><strong>El cuidado necesario a los aspectos acad\u00e9mico-formativos requeridos para un desempe\u00f1o id\u00f3neo, pertinente y de calidad por parte de los futuros docentes.<\/strong><\/li>\n\n\n\n<li><strong>El desarrollo de las competencias requeridas por los estudiantes como personas y futuros profesionales.<\/strong><\/li>\n\n\n\n<li><strong>La evaluaci\u00f3n del perfil de ingreso, proceso y egreso, cuyos resultados contribuyen a la detecci\u00f3n y tratamiento de la problem\u00e1tica que pudiese presentarse en alguna de las dimensiones.<\/strong><\/li>\n\n\n\n<li><strong>La atenci\u00f3n a la diversidad y la inclusi\u00f3n social y de g\u00e9nero de las personas.<\/strong><\/li>\n\n\n\n<li><strong>La flexibilidad para la diversificaci\u00f3n curricular de acuerdo con las necesidades del contexto.<\/strong><\/li>\n\n\n\n<li><strong>El dise\u00f1o, creaci\u00f3n y uso de material did\u00e1ctico para el desarrollo de los procesos de ense\u00f1anza y aprendizaje.<\/strong><\/li>\n\n\n\n<li><strong>El enfoque comunicativo funcional para el desarrollo de las habilidades ling\u00fc\u00edsticas comunicativas referidas a la comprensi\u00f3n lectora, el discurso oral y el proceso de la escritura.<\/strong><\/li>\n\n\n\n<li><strong>El dominio de una segunda lengua como le quechua u otro.<\/strong><\/li>\n\n\n\n<li><strong>El desarrollo de la interdisciplinariedad y el trabajo por proyectos.<\/strong><\/li>\n\n\n\n<li><strong>El uso de las Tecnolog\u00edas de la Informaci\u00f3n y Comunicaci\u00f3n.<\/strong><\/li>\n\n\n\n<li><strong>El uso de la inform\u00e1tica como respuesta a un mundo globalizado.<\/strong><\/li>\n<\/ul>\n<\/div>\n<\/div>\n<\/div>\n\n\n\n<p><\/p>\n","protected":false},"excerpt":{"rendered":"<p>Programa de Estudios de Educaci\u00f3n Inicial El Programa de Estudios de Educaci\u00f3n Inicial cuenta con un Dise\u00f1o curricular que promueve [&hellip;]<\/p>\n","protected":false},"author":1,"featured_media":0,"parent":212,"menu_order":1,"comment_status":"closed","ping_status":"closed","template":"","meta":{"site-sidebar-layout":"default","site-content-layout":"","ast-site-content-layout":"","site-content-style":"default","site-sidebar-style":"default","ast-global-header-display":"","ast-banner-title-visibility":"","ast-main-header-display":"","ast-hfb-above-header-display":"","ast-hfb-below-header-display":"","ast-hfb-mobile-header-display":"","site-post-title":"disabled","ast-breadcrumbs-content":"","ast-featured-img":"","footer-sml-layout":"","theme-transparent-header-meta":"","adv-header-id-meta":"","stick-header-meta":"","header-above-stick-meta":"","header-main-stick-meta":"","header-below-stick-meta":"","astra-migrate-meta-layouts":"default","ast-page-background-enabled":"default","ast-page-background-meta":{"desktop":{"background-color":"var(--ast-global-color-4)","background-image":"","background-repeat":"repeat","background-position":"center center","background-size":"auto","background-attachment":"scroll","background-type":"","background-media":"","overlay-type":"","overlay-color":"","overlay-opacity":"","overlay-gradient":""},"tablet":{"background-color":"","background-image":"","background-repeat":"repeat","background-position":"center center","background-size":"auto","background-attachment":"scroll","background-type":"","background-media":"","overlay-type":"","overlay-color":"","overlay-opacity":"","overlay-gradient":""},"mobile":{"background-color":"","background-image":"","background-repeat":"repeat","background-position":"center center","background-size":"auto","background-attachment":"scroll","background-type":"","background-media":"","overlay-type":"","overlay-color":"","overlay-opacity":"","overlay-gradient":""}},"ast-content-background-meta":{"desktop":{"background-color":"var(--ast-global-color-5)","background-image":"","background-repeat":"repeat","background-position":"center center","background-size":"auto","background-attachment":"scroll","background-type":"","background-media":"","overlay-type":"","overlay-color":"","overlay-opacity":"","overlay-gradient":""},"tablet":{"background-color":"var(--ast-global-color-5)","background-image":"","background-repeat":"repeat","background-position":"center center","background-size":"auto","background-attachment":"scroll","background-type":"","background-media":"","overlay-type":"","overlay-color":"","overlay-opacity":"","overlay-gradient":""},"mobile":{"background-color":"var(--ast-global-color-5)","background-image":"","background-repeat":"repeat","background-position":"center center","background-size":"auto","background-attachment":"scroll","background-type":"","background-media":"","overlay-type":"","overlay-color":"","overlay-opacity":"","overlay-gradient":""}},"footnotes":""},"class_list":["post-214","page","type-page","status-publish","hentry"],"_links":{"self":[{"href":"https:\/\/iespbernabecobocusco.edu.pe\/iespbcc\/wp-json\/wp\/v2\/pages\/214","targetHints":{"allow":["GET"]}}],"collection":[{"href":"https:\/\/iespbernabecobocusco.edu.pe\/iespbcc\/wp-json\/wp\/v2\/pages"}],"about":[{"href":"https:\/\/iespbernabecobocusco.edu.pe\/iespbcc\/wp-json\/wp\/v2\/types\/page"}],"author":[{"embeddable":true,"href":"https:\/\/iespbernabecobocusco.edu.pe\/iespbcc\/wp-json\/wp\/v2\/users\/1"}],"replies":[{"embeddable":true,"href":"https:\/\/iespbernabecobocusco.edu.pe\/iespbcc\/wp-json\/wp\/v2\/comments?post=214"}],"version-history":[{"count":6,"href":"https:\/\/iespbernabecobocusco.edu.pe\/iespbcc\/wp-json\/wp\/v2\/pages\/214\/revisions"}],"predecessor-version":[{"id":1031,"href":"https:\/\/iespbernabecobocusco.edu.pe\/iespbcc\/wp-json\/wp\/v2\/pages\/214\/revisions\/1031"}],"up":[{"embeddable":true,"href":"https:\/\/iespbernabecobocusco.edu.pe\/iespbcc\/wp-json\/wp\/v2\/pages\/212"}],"wp:attachment":[{"href":"https:\/\/iespbernabecobocusco.edu.pe\/iespbcc\/wp-json\/wp\/v2\/media?parent=214"}],"curies":[{"name":"wp","href":"https:\/\/api.w.org\/{rel}","templated":true}]}}