{"id":221,"date":"2023-02-03T05:37:11","date_gmt":"2023-02-03T05:37:11","guid":{"rendered":"https:\/\/iespbernabecobocusco.edu.pe\/iespbcc\/?page_id=221"},"modified":"2024-12-11T17:45:30","modified_gmt":"2024-12-11T17:45:30","slug":"tecnica","status":"publish","type":"page","link":"https:\/\/iespbernabecobocusco.edu.pe\/iespbcc\/programas\/tecnica\/","title":{"rendered":"T\u00e9cnica"},"content":{"rendered":"\n<div class=\"wp-block-group alignfull has-background is-layout-flow wp-block-group-is-layout-flow\" style=\"background-color:#f8f4e4\">\n<div class=\"wp-block-columns alignwide is-layout-flex wp-container-core-columns-is-layout-28f84493 wp-block-columns-is-layout-flex\">\n<div class=\"wp-block-column is-layout-flow wp-block-column-is-layout-flow\">\n<p class=\"has-text-align-center has-text-color\" style=\"color:#000000;font-size:2vw;line-height:1.1\"><strong>PROGRAMA DE ESTUDIOS DE EDUCACI\u00d3N T\u00c9CNICA: INDUSTRIA DEL VESTIDO, ALIMENTARIA Y ARTE.<\/strong><\/p>\n<\/div>\n<\/div>\n\n\n\n<div class=\"wp-block-columns alignwide is-layout-flex wp-container-core-columns-is-layout-28f84493 wp-block-columns-is-layout-flex\">\n<div class=\"wp-block-column is-vertically-aligned-center is-layout-flow wp-block-column-is-layout-flow\" style=\"flex-basis:33.38%\">\n<p>En la sociedad nacional y cusque\u00f1a existe una alta demanda de t\u00e9cnicos y profesionales t\u00e9cnicos, seg\u00fan el Ministerio de Trabajo y Promoci\u00f3n de Empleo, cada a\u00f1o las empresas peruanas solicitan m\u00e1s de 200 mil nuevos t\u00e9cnicos, profesionales t\u00e9cnicos y profesionales para cubrir diferentes puestos de trabajo del sector productivo.<\/p>\n<\/div>\n\n\n\n<div class=\"wp-block-column is-layout-flow wp-block-column-is-layout-flow\" style=\"flex-basis:33%\">\n<figure class=\"wp-block-image size-full\"><img loading=\"lazy\" decoding=\"async\" width=\"257\" height=\"342\" src=\"https:\/\/iespbernabecobocusco.edu.pe\/iespbcc\/wp-content\/uploads\/2023\/02\/tecnica2.webp\" alt=\"\" class=\"wp-image-223\" srcset=\"https:\/\/iespbernabecobocusco.edu.pe\/iespbcc\/wp-content\/uploads\/2023\/02\/tecnica2.webp 257w, https:\/\/iespbernabecobocusco.edu.pe\/iespbcc\/wp-content\/uploads\/2023\/02\/tecnica2-225x300.webp 225w\" sizes=\"auto, (max-width: 257px) 100vw, 257px\" \/><\/figure>\n<\/div>\n\n\n\n<div class=\"wp-block-column is-layout-flow wp-block-column-is-layout-flow\" style=\"flex-basis:33.62%\">\n<figure class=\"wp-block-image size-full\"><img loading=\"lazy\" decoding=\"async\" width=\"258\" height=\"344\" src=\"https:\/\/iespbernabecobocusco.edu.pe\/iespbcc\/wp-content\/uploads\/2023\/02\/tecnica1.webp\" alt=\"\" class=\"wp-image-222\" srcset=\"https:\/\/iespbernabecobocusco.edu.pe\/iespbcc\/wp-content\/uploads\/2023\/02\/tecnica1.webp 258w, https:\/\/iespbernabecobocusco.edu.pe\/iespbcc\/wp-content\/uploads\/2023\/02\/tecnica1-225x300.webp 225w\" sizes=\"auto, (max-width: 258px) 100vw, 258px\" \/><\/figure>\n<\/div>\n<\/div>\n\n\n\n<div class=\"wp-block-columns alignwide is-layout-flex wp-container-core-columns-is-layout-28f84493 wp-block-columns-is-layout-flex\">\n<div class=\"wp-block-column is-layout-flow wp-block-column-is-layout-flow\" style=\"flex-basis:33.38%\">\n<figure class=\"wp-block-image size-full\"><img loading=\"lazy\" decoding=\"async\" width=\"254\" height=\"338\" src=\"https:\/\/iespbernabecobocusco.edu.pe\/iespbcc\/wp-content\/uploads\/2023\/02\/tecnica3.webp\" alt=\"\" class=\"wp-image-224\" srcset=\"https:\/\/iespbernabecobocusco.edu.pe\/iespbcc\/wp-content\/uploads\/2023\/02\/tecnica3.webp 254w, https:\/\/iespbernabecobocusco.edu.pe\/iespbcc\/wp-content\/uploads\/2023\/02\/tecnica3-225x300.webp 225w\" sizes=\"auto, (max-width: 254px) 100vw, 254px\" \/><\/figure>\n<\/div>\n\n\n\n<div class=\"wp-block-column is-vertically-aligned-bottom is-layout-flow wp-block-column-is-layout-flow\" style=\"flex-basis:33%\">\n<div style=\"height:100px\" aria-hidden=\"true\" class=\"wp-block-spacer\"><\/div>\n\n\n\n<figure class=\"wp-block-image size-full\"><img loading=\"lazy\" decoding=\"async\" width=\"253\" height=\"189\" src=\"https:\/\/iespbernabecobocusco.edu.pe\/iespbcc\/wp-content\/uploads\/2023\/02\/graduada2.webp\" alt=\"\" class=\"wp-image-225\"\/><\/figure>\n<\/div>\n\n\n\n<div class=\"wp-block-column is-layout-flow wp-block-column-is-layout-flow\" style=\"flex-basis:33.62%\">\n<p>La sociedad econ\u00f3mico laboral de la Regi\u00f3n Cusco, requiere j\u00f3venes emprendedores para la generaci\u00f3n de actividades econ\u00f3micas de producci\u00f3n de bienes y prestaci\u00f3n de servicios profesionales, aprovechando los recursos naturales y las oportunidades laborales; con este programa de estudios el IESP Privado Bernab\u00e9 Cobo provee de herramientas y conocimientos tecnol\u00f3gicos a sus alumnos que necesitan para iniciar sus propios proyectos empresariales y desligarse de la dependencia laboral.<\/p>\n<\/div>\n<\/div>\n\n\n\n<h2 class=\"wp-block-heading has-text-align-center\" style=\"font-size:25px\">DIMENSIONES DEL CURR\u00cdCULO DEL PROGRAMA DE ESTUDIOS DE T\u00c9CNICA EN INDUSTRIA DEL VESTIDO, ALIMENTARIA Y ARTE<\/h2>\n\n\n\n<div class=\"wp-block-columns alignwide is-layout-flex wp-container-core-columns-is-layout-28f84493 wp-block-columns-is-layout-flex\">\n<div class=\"wp-block-column is-layout-flow wp-block-column-is-layout-flow\" style=\"flex-basis:100%\">\n<figure class=\"wp-block-image aligncenter size-full is-resized\"><img loading=\"lazy\" decoding=\"async\" width=\"256\" height=\"192\" src=\"https:\/\/iespbernabecobocusco.edu.pe\/iespbcc\/wp-content\/uploads\/2023\/02\/tecnica4.webp\" alt=\"\" class=\"wp-image-226\" style=\"width:659px;height:495px\"\/><\/figure>\n\n\n<style>.kb-row-layout-id221_c85a2f-62 > .kt-row-column-wrap{align-content:start;}:where(.kb-row-layout-id221_c85a2f-62 > .kt-row-column-wrap) > .wp-block-kadence-column{justify-content:start;}.kb-row-layout-id221_c85a2f-62 > .kt-row-column-wrap{column-gap:var(--global-kb-gap-md, 2rem);row-gap:var(--global-kb-gap-md, 2rem);padding-top:var(--global-kb-spacing-sm, 1.5rem);padding-bottom:var(--global-kb-spacing-sm, 1.5rem);grid-template-columns:minmax(0, 1fr);}.kb-row-layout-id221_c85a2f-62{background-color:#fbf4e5;}.kb-row-layout-id221_c85a2f-62 > .kt-row-layout-overlay{opacity:0.30;}@media all and (max-width: 1024px){.kb-row-layout-id221_c85a2f-62 > .kt-row-column-wrap{grid-template-columns:minmax(0, 1fr);}}@media all and (max-width: 767px){.kb-row-layout-id221_c85a2f-62 > .kt-row-column-wrap{grid-template-columns:minmax(0, 1fr);}}<\/style><div class=\"kb-row-layout-wrap kb-row-layout-id221_c85a2f-62 alignnone kt-row-has-bg wp-block-kadence-rowlayout\"><div class=\"kt-row-column-wrap kt-has-1-columns kt-row-layout-equal kt-tab-layout-inherit kt-mobile-layout-row kt-row-valign-top\">\n<style>.kadence-column221_8d2909-f8 > .kt-inside-inner-col,.kadence-column221_8d2909-f8 > .kt-inside-inner-col:before{border-top-left-radius:0px;border-top-right-radius:0px;border-bottom-right-radius:0px;border-bottom-left-radius:0px;}.kadence-column221_8d2909-f8 > .kt-inside-inner-col{column-gap:var(--global-kb-gap-sm, 1rem);}.kadence-column221_8d2909-f8 > .kt-inside-inner-col{flex-direction:column;}.kadence-column221_8d2909-f8 > .kt-inside-inner-col > .aligncenter{width:100%;}.kadence-column221_8d2909-f8 > .kt-inside-inner-col{background-color:#f8f4e3;}.kadence-column221_8d2909-f8 > .kt-inside-inner-col:before{opacity:0.3;}.kadence-column221_8d2909-f8{position:relative;}@media all and (max-width: 1024px){.kadence-column221_8d2909-f8 > .kt-inside-inner-col{flex-direction:column;justify-content:center;}}@media all and (max-width: 767px){.kadence-column221_8d2909-f8 > .kt-inside-inner-col{flex-direction:column;justify-content:center;}}<\/style>\n<div class=\"wp-block-kadence-column kadence-column221_8d2909-f8 inner-column-1\"><div class=\"kt-inside-inner-col\">\n<p>El cuidado necesario a los aspectos acad\u00e9mico-formativos requeridos para un desempe\u00f1o id\u00f3neo, pertinente y de calidad por parte de los futuros docentes.<\/p>\n\n\n\n<p>El desarrollo de las competencias profesionales requeridas por los estudiantes como personas y futuros profesionales, acorde a las exigencias de los puestos de trabajo del sector productivo.<\/p>\n\n\n\n<p>Una evaluaci\u00f3n que incide en el desempe\u00f1o de los estudiantes en las dimensiones cognitiva, procedimental y actitudinal.<\/p>\n\n\n\n<p>Comprobaci\u00f3n del perfil de ingreso y egreso, cuyos resultados contribuyen a la detecci\u00f3n y tratamiento de la problem\u00e1tica que pudiese presentarse en alguna de las dimensiones.<\/p>\n\n\n\n<p>La atenci\u00f3n a la diversidad e inclusi\u00f3n social de los j\u00f3venes estudiantes.<\/p>\n\n\n\n<p>La flexibilidad para la diversificaci\u00f3n de acuerdo con las necesidades del contexto.<\/p>\n\n\n\n<p>El dise\u00f1o, creaci\u00f3n y uso de material did\u00e1ctico para el desarrollo de los procesos de ense\u00f1anza y aprendizaje.<\/p>\n\n\n\n<p>El enfoque comunicativo funcional para el desarrollo de las habilidades ling\u00fc\u00edsticas comunicativas referidas a la comprensi\u00f3n lectora, el discurso oral y el proceso de la escritura.<\/p>\n\n\n\n<p>El dominio de una segunda lengua como el quechua y el ingl\u00e9s t\u00e9cnico.<\/p>\n\n\n\n<p>El desarrollo de la interdisciplinariedad acad\u00e9mica y el sistema de trabajo por proyectos.<\/p>\n\n\n\n<p>El uso de las Tecnolog\u00edas de la Informaci\u00f3n y Comunicaci\u00f3n en el campo del desempe\u00f1o profesional.<\/p>\n\n\n\n<p>El uso de la inform\u00e1tica como respuesta a un mundo globalizado de la econom\u00eda y las exigencias de la sociedad del conocimiento.<\/p>\n<\/div><\/div>\n\n<\/div><\/div><\/div>\n<\/div>\n<\/div>\n","protected":false},"excerpt":{"rendered":"<p>PROGRAMA DE ESTUDIOS DE EDUCACI\u00d3N T\u00c9CNICA: INDUSTRIA DEL VESTIDO, ALIMENTARIA Y ARTE. En la sociedad nacional y cusque\u00f1a existe una [&hellip;]<\/p>\n","protected":false},"author":1,"featured_media":0,"parent":212,"menu_order":3,"comment_status":"closed","ping_status":"closed","template":"","meta":{"site-sidebar-layout":"default","site-content-layout":"","ast-site-content-layout":"","site-content-style":"default","site-sidebar-style":"default","ast-global-header-display":"","ast-banner-title-visibility":"","ast-main-header-display":"","ast-hfb-above-header-display":"","ast-hfb-below-header-display":"","ast-hfb-mobile-header-display":"","site-post-title":"disabled","ast-breadcrumbs-content":"","ast-featured-img":"","footer-sml-layout":"","theme-transparent-header-meta":"","adv-header-id-meta":"","stick-header-meta":"","header-above-stick-meta":"","header-main-stick-meta":"","header-below-stick-meta":"","astra-migrate-meta-layouts":"default","ast-page-background-enabled":"default","ast-page-background-meta":{"desktop":{"background-color":"var(--ast-global-color-4)","background-image":"","background-repeat":"repeat","background-position":"center center","background-size":"auto","background-attachment":"scroll","background-type":"","background-media":"","overlay-type":"","overlay-color":"","overlay-opacity":"","overlay-gradient":""},"tablet":{"background-color":"","background-image":"","background-repeat":"repeat","background-position":"center center","background-size":"auto","background-attachment":"scroll","background-type":"","background-media":"","overlay-type":"","overlay-color":"","overlay-opacity":"","overlay-gradient":""},"mobile":{"background-color":"","background-image":"","background-repeat":"repeat","background-position":"center center","background-size":"auto","background-attachment":"scroll","background-type":"","background-media":"","overlay-type":"","overlay-color":"","overlay-opacity":"","overlay-gradient":""}},"ast-content-background-meta":{"desktop":{"background-color":"var(--ast-global-color-5)","background-image":"","background-repeat":"repeat","background-position":"center center","background-size":"auto","background-attachment":"scroll","background-type":"","background-media":"","overlay-type":"","overlay-color":"","overlay-opacity":"","overlay-gradient":""},"tablet":{"background-color":"var(--ast-global-color-5)","background-image":"","background-repeat":"repeat","background-position":"center center","background-size":"auto","background-attachment":"scroll","background-type":"","background-media":"","overlay-type":"","overlay-color":"","overlay-opacity":"","overlay-gradient":""},"mobile":{"background-color":"var(--ast-global-color-5)","background-image":"","background-repeat":"repeat","background-position":"center center","background-size":"auto","background-attachment":"scroll","background-type":"","background-media":"","overlay-type":"","overlay-color":"","overlay-opacity":"","overlay-gradient":""}},"footnotes":""},"class_list":["post-221","page","type-page","status-publish","hentry"],"_links":{"self":[{"href":"https:\/\/iespbernabecobocusco.edu.pe\/iespbcc\/wp-json\/wp\/v2\/pages\/221","targetHints":{"allow":["GET"]}}],"collection":[{"href":"https:\/\/iespbernabecobocusco.edu.pe\/iespbcc\/wp-json\/wp\/v2\/pages"}],"about":[{"href":"https:\/\/iespbernabecobocusco.edu.pe\/iespbcc\/wp-json\/wp\/v2\/types\/page"}],"author":[{"embeddable":true,"href":"https:\/\/iespbernabecobocusco.edu.pe\/iespbcc\/wp-json\/wp\/v2\/users\/1"}],"replies":[{"embeddable":true,"href":"https:\/\/iespbernabecobocusco.edu.pe\/iespbcc\/wp-json\/wp\/v2\/comments?post=221"}],"version-history":[{"count":3,"href":"https:\/\/iespbernabecobocusco.edu.pe\/iespbcc\/wp-json\/wp\/v2\/pages\/221\/revisions"}],"predecessor-version":[{"id":1013,"href":"https:\/\/iespbernabecobocusco.edu.pe\/iespbcc\/wp-json\/wp\/v2\/pages\/221\/revisions\/1013"}],"up":[{"embeddable":true,"href":"https:\/\/iespbernabecobocusco.edu.pe\/iespbcc\/wp-json\/wp\/v2\/pages\/212"}],"wp:attachment":[{"href":"https:\/\/iespbernabecobocusco.edu.pe\/iespbcc\/wp-json\/wp\/v2\/media?parent=221"}],"curies":[{"name":"wp","href":"https:\/\/api.w.org\/{rel}","templated":true}]}}